{"id":549,"date":"2020-03-04T17:31:52","date_gmt":"2020-03-04T17:31:52","guid":{"rendered":"http:\/\/arcasfumigaciones.com\/?page_id=549"},"modified":"2023-11-14T04:47:53","modified_gmt":"2023-11-13T23:47:53","slug":"quienes-somos","status":"publish","type":"page","link":"https:\/\/arcasfumigaciones.com\/index.php\/quienes-somos\/","title":{"rendered":"\u00bfQui\u00e9nes Somos?"},"content":{"rendered":"\t\t<div data-elementor-type=\"wp-page\" data-elementor-id=\"549\" class=\"elementor elementor-549\" data-elementor-settings=\"[]\">\n\t\t\t\t\t\t<div class=\"elementor-inner\">\n\t\t\t\t\t\t\t<div class=\"elementor-section-wrap\">\n\t\t\t\t\t\t\t<section class=\"elementor-section elementor-top-section elementor-element elementor-element-3bbc532a elementor-section-content-middle elementor-section-full_width elementor-section-height-default elementor-section-height-default elementor-invisible\" data-id=\"3bbc532a\" data-element_type=\"section\" data-settings=\"{&quot;animation&quot;:&quot;fadeInDown&quot;}\">\n\t\t\t\t\t\t<div class=\"elementor-container elementor-column-gap-no\">\n\t\t\t\t\t\t\t<div class=\"elementor-row\">\n\t\t\t\t\t<div class=\"elementor-column elementor-col-50 elementor-top-column elementor-element elementor-element-3a96c336 elementor-invisible\" data-id=\"3a96c336\" data-element_type=\"column\" data-settings=\"{&quot;animation&quot;:&quot;fadeInLeft&quot;}\">\n\t\t\t<div class=\"elementor-column-wrap elementor-element-populated\">\n\t\t\t\t\t\t\t<div class=\"elementor-widget-wrap\">\n\t\t\t\t\t\t<div class=\"elementor-element elementor-element-62bba43 elementor-arrows-position-outside elementor-widget__width-initial elementor-widget elementor-widget-image-carousel\" data-id=\"62bba43\" data-element_type=\"widget\" data-settings=\"{&quot;slides_to_show&quot;:&quot;1&quot;,&quot;navigation&quot;:&quot;arrows&quot;,&quot;effect&quot;:&quot;fade&quot;,&quot;autoplay&quot;:&quot;yes&quot;,&quot;pause_on_hover&quot;:&quot;yes&quot;,&quot;pause_on_interaction&quot;:&quot;yes&quot;,&quot;autoplay_speed&quot;:5000,&quot;infinite&quot;:&quot;yes&quot;,&quot;speed&quot;:500}\" data-widget_type=\"image-carousel.default\">\n\t\t\t\t<div class=\"elementor-widget-container\">\n\t\t\t\t\t<div class=\"elementor-image-carousel-wrapper swiper-container\" dir=\"ltr\">\n\t\t\t<div class=\"elementor-image-carousel swiper-wrapper\">\n\t\t\t\t\t\t\t\t<div class=\"swiper-slide\"><figure class=\"swiper-slide-inner\"><img class=\"swiper-slide-image\" src=\"https:\/\/arcasfumigaciones.com\/wp-content\/uploads\/2021\/10\/WhatsApp-Image-2021-10-12-at-9.49.02-AM-768x1024.jpeg\" alt=\"Fumigaci\u00f3n general\" \/><\/figure><\/div><div class=\"swiper-slide\"><figure class=\"swiper-slide-inner\"><img class=\"swiper-slide-image\" src=\"https:\/\/arcasfumigaciones.com\/wp-content\/uploads\/2021\/09\/WhatsApp-Image-2021-05-31-at-1.45.34-PM-2-768x1024.jpeg\" alt=\"WhatsApp Image 2021-05-31 at 1.45.34 PM (2)\" \/><\/figure><\/div><div class=\"swiper-slide\"><figure class=\"swiper-slide-inner\"><img class=\"swiper-slide-image\" src=\"https:\/\/arcasfumigaciones.com\/wp-content\/uploads\/2021\/09\/WhatsApp-Image-2021-05-31-at-1.51.56-PM-766x1024.jpeg\" alt=\"WhatsApp Image 2021-05-31 at 1.51.56 PM\" \/><\/figure><\/div>\t\t\t<\/div>\n\t\t\t\t\t\t\t\t\t\t\t\t\t\t\t\t<div class=\"elementor-swiper-button elementor-swiper-button-prev\">\n\t\t\t\t\t\t<i class=\"eicon-chevron-left\" aria-hidden=\"true\"><\/i>\n\t\t\t\t\t\t<span class=\"elementor-screen-only\">Anterior<\/span>\n\t\t\t\t\t<\/div>\n\t\t\t\t\t<div class=\"elementor-swiper-button elementor-swiper-button-next\">\n\t\t\t\t\t\t<i class=\"eicon-chevron-right\" aria-hidden=\"true\"><\/i>\n\t\t\t\t\t\t<span class=\"elementor-screen-only\">Siguiente<\/span>\n\t\t\t\t\t<\/div>\n\t\t\t\t\t\t\t\t\t<\/div>\n\t\t\t\t<\/div>\n\t\t\t\t<\/div>\n\t\t\t\t\t\t<\/div>\n\t\t\t\t\t<\/div>\n\t\t<\/div>\n\t\t\t\t<div class=\"elementor-column elementor-col-50 elementor-top-column elementor-element elementor-element-75723f6b elementor-invisible\" data-id=\"75723f6b\" data-element_type=\"column\" data-settings=\"{&quot;animation&quot;:&quot;fadeInRight&quot;}\">\n\t\t\t<div class=\"elementor-column-wrap elementor-element-populated\">\n\t\t\t\t\t\t\t<div class=\"elementor-widget-wrap\">\n\t\t\t\t\t\t<div class=\"elementor-element elementor-element-197ba07e elementor-widget elementor-widget-text-editor\" data-id=\"197ba07e\" data-element_type=\"widget\" data-widget_type=\"text-editor.default\">\n\t\t\t\t<div class=\"elementor-widget-container\">\n\t\t\t\t\t\t\t\t<div class=\"elementor-text-editor elementor-clearfix\">\n\t\t\t\t<p>Un equipo de trabajo especializado con m\u00e1s de 30 de a\u00f1os de experiencia en el Manejo Integrado de Plagas, Desinfecci\u00f3n Ambiental <span style=\"font-style: inherit; text-transform: inherit;\">Limpieza y Desinfecci\u00f3n de Tanques, entre otros servicios.<\/span><\/p>\n<p>Estamos comprometidos con la Salud P\u00fablica y Saneamiento Ambiental, con concepto Sanitario Favorable avalado por la&nbsp;<span style=\"color: rgb(0, 0, 0); font-family: Aptos, Aptos_EmbeddedFont, Aptos_MSFontService, Calibri, Helvetica, sans-serif; text-align: left; font-style: inherit; text-transform: inherit;\">secretaria de salud en Bogot\u00e1 y con aliados en Cundinamarca.<\/span><\/p>\t\t\t\t\t<\/div>\n\t\t\t\t\t\t<\/div>\n\t\t\t\t<\/div>\n\t\t\t\t\t\t<\/div>\n\t\t\t\t\t<\/div>\n\t\t<\/div>\n\t\t\t\t\t\t\t\t<\/div>\n\t\t\t\t\t<\/div>\n\t\t<\/section>\n\t\t\t\t<section class=\"elementor-section elementor-top-section elementor-element elementor-element-72f0f20b elementor-section-content-middle elementor-section-full_width elementor-section-height-default elementor-section-height-default elementor-invisible\" data-id=\"72f0f20b\" data-element_type=\"section\" data-settings=\"{&quot;background_background&quot;:&quot;classic&quot;,&quot;animation&quot;:&quot;fadeInRight&quot;}\">\n\t\t\t\t\t\t\t<div class=\"elementor-background-overlay\"><\/div>\n\t\t\t\t\t\t\t<div class=\"elementor-container elementor-column-gap-no\">\n\t\t\t\t\t\t\t<div class=\"elementor-row\">\n\t\t\t\t\t<div class=\"elementor-column elementor-col-100 elementor-top-column elementor-element elementor-element-5a438e31\" data-id=\"5a438e31\" data-element_type=\"column\" data-settings=\"{&quot;background_background&quot;:&quot;classic&quot;}\">\n\t\t\t<div class=\"elementor-column-wrap elementor-element-populated\">\n\t\t\t\t\t\t\t<div class=\"elementor-widget-wrap\">\n\t\t\t\t\t\t<div class=\"elementor-element elementor-element-5b9e7690 elementor-widget elementor-widget-heading\" data-id=\"5b9e7690\" data-element_type=\"widget\" data-widget_type=\"heading.default\">\n\t\t\t\t<div class=\"elementor-widget-container\">\n\t\t\t<h4 class=\"elementor-heading-title elementor-size-default\">Nos caracteriza<\/h4>\t\t<\/div>\n\t\t\t\t<\/div>\n\t\t\t\t<section class=\"elementor-section elementor-inner-section elementor-element elementor-element-3c356eff elementor-section-content-middle elementor-section-boxed elementor-section-height-default elementor-section-height-default\" data-id=\"3c356eff\" data-element_type=\"section\">\n\t\t\t\t\t\t<div class=\"elementor-container elementor-column-gap-no\">\n\t\t\t\t\t\t\t<div class=\"elementor-row\">\n\t\t\t\t\t<div class=\"elementor-column elementor-col-33 elementor-inner-column elementor-element elementor-element-541b5b55 elementor-invisible\" data-id=\"541b5b55\" data-element_type=\"column\" data-settings=\"{&quot;animation&quot;:&quot;fadeInLeft&quot;}\">\n\t\t\t<div class=\"elementor-column-wrap elementor-element-populated\">\n\t\t\t\t\t\t\t<div class=\"elementor-widget-wrap\">\n\t\t\t\t\t\t<div class=\"elementor-element elementor-element-1a78054 elementor-position-top elementor-vertical-align-top elementor-widget elementor-widget-image-box\" data-id=\"1a78054\" data-element_type=\"widget\" data-widget_type=\"image-box.default\">\n\t\t\t\t<div class=\"elementor-widget-container\">\n\t\t\t<div class=\"elementor-image-box-wrapper\"><figure class=\"elementor-image-box-img\"><img width=\"512\" height=\"512\" src=\"https:\/\/arcasfumigaciones.com\/wp-content\/uploads\/2021\/09\/61690_briefcase_carreer_suitcase_icon.png\" class=\"elementor-animation-grow attachment-full size-full\" alt=\"\" loading=\"lazy\" \/><\/figure><div class=\"elementor-image-box-content\"><h3 class=\"elementor-image-box-title\">Compromiso<\/h3><p class=\"elementor-image-box-description\">Trabajamos arduamente con  nuestros clientes para garantizarles el mejor servicio<\/p><\/div><\/div>\t\t<\/div>\n\t\t\t\t<\/div>\n\t\t\t\t\t\t<\/div>\n\t\t\t\t\t<\/div>\n\t\t<\/div>\n\t\t\t\t<div class=\"elementor-column elementor-col-33 elementor-inner-column elementor-element elementor-element-4eb72493 elementor-invisible\" data-id=\"4eb72493\" data-element_type=\"column\" data-settings=\"{&quot;animation&quot;:&quot;fadeInDown&quot;}\">\n\t\t\t<div class=\"elementor-column-wrap elementor-element-populated\">\n\t\t\t\t\t\t\t<div class=\"elementor-widget-wrap\">\n\t\t\t\t\t\t<div class=\"elementor-element elementor-element-520ace38 elementor-position-top elementor-vertical-align-top elementor-widget elementor-widget-image-box\" data-id=\"520ace38\" data-element_type=\"widget\" data-widget_type=\"image-box.default\">\n\t\t\t\t<div class=\"elementor-widget-container\">\n\t\t\t<div class=\"elementor-image-box-wrapper\"><figure class=\"elementor-image-box-img\"><img width=\"400\" height=\"400\" src=\"https:\/\/arcasfumigaciones.com\/wp-content\/uploads\/2021\/09\/45276_alliance_contractors_deal_hands_handshake_icon.png\" class=\"elementor-animation-grow attachment-full size-full\" alt=\"\" loading=\"lazy\" \/><\/figure><div class=\"elementor-image-box-content\"><h3 class=\"elementor-image-box-title\">Confianza<\/h3><p class=\"elementor-image-box-description\">Nuestros clientes quedan satisfechos con el trabajo de calidad que se les ha prestado<\/p><\/div><\/div>\t\t<\/div>\n\t\t\t\t<\/div>\n\t\t\t\t\t\t<\/div>\n\t\t\t\t\t<\/div>\n\t\t<\/div>\n\t\t\t\t<div class=\"elementor-column elementor-col-33 elementor-inner-column elementor-element elementor-element-2527adca elementor-invisible\" data-id=\"2527adca\" data-element_type=\"column\" data-settings=\"{&quot;animation&quot;:&quot;fadeInRight&quot;}\">\n\t\t\t<div class=\"elementor-column-wrap elementor-element-populated\">\n\t\t\t\t\t\t\t<div class=\"elementor-widget-wrap\">\n\t\t\t\t\t\t<div class=\"elementor-element elementor-element-4bc4bf68 elementor-position-top elementor-vertical-align-top elementor-widget elementor-widget-image-box\" data-id=\"4bc4bf68\" data-element_type=\"widget\" data-widget_type=\"image-box.default\">\n\t\t\t\t<div class=\"elementor-widget-container\">\n\t\t\t<div class=\"elementor-image-box-wrapper\"><figure class=\"elementor-image-box-img\"><img width=\"4096\" height=\"4096\" src=\"https:\/\/arcasfumigaciones.com\/wp-content\/uploads\/2021\/09\/1622827_clock_oclock_time_timing_watch_icon.png\" class=\"elementor-animation-grow attachment-full size-full\" alt=\"\" loading=\"lazy\" \/><\/figure><div class=\"elementor-image-box-content\"><h3 class=\"elementor-image-box-title\">Responsabilidad<\/h3><p class=\"elementor-image-box-description\">cumplimos con todas las metas propuestas por los clientes y nosotros.<\/p><\/div><\/div>\t\t<\/div>\n\t\t\t\t<\/div>\n\t\t\t\t\t\t<\/div>\n\t\t\t\t\t<\/div>\n\t\t<\/div>\n\t\t\t\t\t\t\t\t<\/div>\n\t\t\t\t\t<\/div>\n\t\t<\/section>\n\t\t\t\t\t\t<\/div>\n\t\t\t\t\t<\/div>\n\t\t<\/div>\n\t\t\t\t\t\t\t\t<\/div>\n\t\t\t\t\t<\/div>\n\t\t<\/section>\n\t\t\t\t<section class=\"elementor-section elementor-top-section elementor-element elementor-element-aa10bfd elementor-section-boxed elementor-section-height-default elementor-section-height-default\" data-id=\"aa10bfd\" data-element_type=\"section\">\n\t\t\t\t\t\t<div class=\"elementor-container elementor-column-gap-default\">\n\t\t\t\t\t\t\t<div class=\"elementor-row\">\n\t\t\t\t\t<div class=\"elementor-column elementor-col-100 elementor-top-column elementor-element elementor-element-be352fc\" data-id=\"be352fc\" data-element_type=\"column\">\n\t\t\t<div class=\"elementor-column-wrap elementor-element-populated\">\n\t\t\t\t\t\t\t<div class=\"elementor-widget-wrap\">\n\t\t\t\t\t\t<div class=\"elementor-element elementor-element-e36c3da elementor-widget elementor-widget-spacer\" data-id=\"e36c3da\" data-element_type=\"widget\" data-widget_type=\"spacer.default\">\n\t\t\t\t<div class=\"elementor-widget-container\">\n\t\t\t\t\t<div class=\"elementor-spacer\">\n\t\t\t<div class=\"elementor-spacer-inner\"><\/div>\n\t\t<\/div>\n\t\t\t\t<\/div>\n\t\t\t\t<\/div>\n\t\t\t\t\t\t<\/div>\n\t\t\t\t\t<\/div>\n\t\t<\/div>\n\t\t\t\t\t\t\t\t<\/div>\n\t\t\t\t\t<\/div>\n\t\t<\/section>\n\t\t\t\t<section class=\"elementor-section elementor-top-section elementor-element elementor-element-39802c0 elementor-section-boxed elementor-section-height-default elementor-section-height-default\" data-id=\"39802c0\" data-element_type=\"section\">\n\t\t\t\t\t\t<div class=\"elementor-container elementor-column-gap-default\">\n\t\t\t\t\t\t\t<div class=\"elementor-row\">\n\t\t\t\t\t<div class=\"elementor-column elementor-col-50 elementor-top-column elementor-element elementor-element-b7cccb7 elementor-invisible\" data-id=\"b7cccb7\" data-element_type=\"column\" data-settings=\"{&quot;animation&quot;:&quot;fadeInLeft&quot;}\">\n\t\t\t<div class=\"elementor-column-wrap elementor-element-populated\">\n\t\t\t\t\t\t\t<div class=\"elementor-widget-wrap\">\n\t\t\t\t\t\t<div class=\"elementor-element elementor-element-b6cf525 elementor-view-default elementor-position-top elementor-vertical-align-top elementor-widget elementor-widget-icon-box\" data-id=\"b6cf525\" data-element_type=\"widget\" data-widget_type=\"icon-box.default\">\n\t\t\t\t<div class=\"elementor-widget-container\">\n\t\t\t\t\t<div class=\"elementor-icon-box-wrapper\">\n\t\t\t\t\t\t<div class=\"elementor-icon-box-icon\">\n\t\t\t\t<span class=\"elementor-icon elementor-animation-pulse-grow\" >\n\t\t\t\t<i aria-hidden=\"true\" class=\"fas fa-flag\"><\/i>\t\t\t\t<\/span>\n\t\t\t<\/div>\n\t\t\t\t\t\t<div class=\"elementor-icon-box-content\">\n\t\t\t\t<h3 class=\"elementor-icon-box-title\">\n\t\t\t\t\t<span  >\n\t\t\t\t\t\tMisi\u00f3n\t\t\t\t\t<\/span>\n\t\t\t\t<\/h3>\n\t\t\t\t\t\t\t\t\t<p class=\"elementor-icon-box-description\">\n\t\t\t\t\t\tOfrecer a nuestros clientes protecci\u00f3n de vida a trav\u00e9s del manejo integrado de plagas y limpieza de tanques con personal calificado y responsable en todos los procesos de la compa\u00f1\u00eda, logrando la satisfacci\u00f3n de nuestros clientes.\n\n\t\t\t\t\t<\/p>\n\t\t\t\t\t\t\t<\/div>\n\t\t<\/div>\n\t\t\t\t<\/div>\n\t\t\t\t<\/div>\n\t\t\t\t\t\t<\/div>\n\t\t\t\t\t<\/div>\n\t\t<\/div>\n\t\t\t\t<div class=\"elementor-column elementor-col-50 elementor-top-column elementor-element elementor-element-ceb1e88\" data-id=\"ceb1e88\" data-element_type=\"column\">\n\t\t\t<div class=\"elementor-column-wrap elementor-element-populated\">\n\t\t\t\t\t\t\t<div class=\"elementor-widget-wrap\">\n\t\t\t\t\t\t<div class=\"elementor-element elementor-element-cec0ddb elementor-view-default elementor-position-top elementor-vertical-align-top elementor-invisible elementor-widget elementor-widget-icon-box\" data-id=\"cec0ddb\" data-element_type=\"widget\" data-settings=\"{&quot;_animation&quot;:&quot;fadeInRight&quot;}\" data-widget_type=\"icon-box.default\">\n\t\t\t\t<div class=\"elementor-widget-container\">\n\t\t\t\t\t<div class=\"elementor-icon-box-wrapper\">\n\t\t\t\t\t\t<div class=\"elementor-icon-box-icon\">\n\t\t\t\t<span class=\"elementor-icon elementor-animation-pulse-grow\" >\n\t\t\t\t<i aria-hidden=\"true\" class=\"fas fa-check-circle\"><\/i>\t\t\t\t<\/span>\n\t\t\t<\/div>\n\t\t\t\t\t\t<div class=\"elementor-icon-box-content\">\n\t\t\t\t<h3 class=\"elementor-icon-box-title\">\n\t\t\t\t\t<span  >\n\t\t\t\t\t\tVisi\u00f3n\t\t\t\t\t<\/span>\n\t\t\t\t<\/h3>\n\t\t\t\t\t\t\t\t\t<p class=\"elementor-icon-box-description\">\n\t\t\t\t\t\tConvertirnos en una empresa modelo con altos est\u00e1ndares en la protecci\u00f3n y conservaci\u00f3n del medio ambiente con diversidad de servicios orientada a cumplir altos niveles de calidad y seguridad.\t\t\t\t\t<\/p>\n\t\t\t\t\t\t\t<\/div>\n\t\t<\/div>\n\t\t\t\t<\/div>\n\t\t\t\t<\/div>\n\t\t\t\t\t\t<\/div>\n\t\t\t\t\t<\/div>\n\t\t<\/div>\n\t\t\t\t\t\t\t\t<\/div>\n\t\t\t\t\t<\/div>\n\t\t<\/section>\n\t\t\t\t\t\t<\/div>\n\t\t\t\t\t\t<\/div>\n\t\t\t\t\t<\/div>\n\t\t","protected":false},"excerpt":{"rendered":"<p>Anterior Siguiente Un equipo de trabajo especializado con m\u00e1s de 30 de a\u00f1os de experiencia en el Manejo Integrado de Plagas, Desinfecci\u00f3n Ambiental Limpieza y Desinfecci\u00f3n de Tanques, entre otros servicios. Estamos comprometidos con la Salud P\u00fablica y Saneamiento Ambiental, con concepto Sanitario Favorable avalado por la&nbsp;secretaria de salud en Bogot\u00e1 y con aliados en [&hellip;]<\/p>\n","protected":false},"author":1,"featured_media":0,"parent":0,"menu_order":1,"comment_status":"closed","ping_status":"closed","template":"","meta":[],"yoast_head":"<!-- This site is optimized with the Yoast SEO plugin v17.3 - https:\/\/yoast.com\/wordpress\/plugins\/seo\/ -->\n<title>\u00bfQui\u00e9nes Somos? - Arcas fumigaciones<\/title>\n<meta name=\"robots\" content=\"index, follow, max-snippet:-1, max-image-preview:large, max-video-preview:-1\" \/>\n<link rel=\"canonical\" href=\"https:\/\/arcasfumigaciones.com\/index.php\/quienes-somos\/\" \/>\n<meta property=\"og:locale\" content=\"es_ES\" \/>\n<meta property=\"og:type\" content=\"article\" \/>\n<meta property=\"og:title\" content=\"\u00bfQui\u00e9nes Somos? - Arcas fumigaciones\" \/>\n<meta property=\"og:description\" content=\"Anterior Siguiente Un equipo de trabajo especializado con m\u00e1s de 30 de a\u00f1os de experiencia en el Manejo Integrado de Plagas, Desinfecci\u00f3n Ambiental Limpieza y Desinfecci\u00f3n de Tanques, entre otros servicios. Estamos comprometidos con la Salud P\u00fablica y Saneamiento Ambiental, con concepto Sanitario Favorable avalado por la&nbsp;secretaria de salud en Bogot\u00e1 y con aliados en [&hellip;]\" \/>\n<meta property=\"og:url\" content=\"https:\/\/arcasfumigaciones.com\/index.php\/quienes-somos\/\" \/>\n<meta property=\"og:site_name\" content=\"Arcas fumigaciones\" \/>\n<meta property=\"article:modified_time\" content=\"2023-11-13T23:47:53+00:00\" \/>\n<meta property=\"og:image\" content=\"https:\/\/arcasfumigaciones.com\/wp-content\/uploads\/2021\/10\/WhatsApp-Image-2021-10-12-at-9.49.02-AM-768x1024.jpeg\" \/>\n<meta name=\"twitter:card\" content=\"summary_large_image\" \/>\n<meta name=\"twitter:label1\" content=\"Tiempo estimado de lectura\" \/>\n\t<meta name=\"twitter:data1\" content=\"3 minutos\" \/>\n<script type=\"application\/ld+json\" class=\"yoast-schema-graph\">{\"@context\":\"https:\/\/schema.org\",\"@graph\":[{\"@type\":\"WebSite\",\"@id\":\"https:\/\/arcasfumigaciones.com\/#website\",\"url\":\"https:\/\/arcasfumigaciones.com\/\",\"name\":\"Arcas fumigaciones\",\"description\":\"\",\"potentialAction\":[{\"@type\":\"SearchAction\",\"target\":{\"@type\":\"EntryPoint\",\"urlTemplate\":\"https:\/\/arcasfumigaciones.com\/?s={search_term_string}\"},\"query-input\":\"required name=search_term_string\"}],\"inLanguage\":\"es-CO\"},{\"@type\":\"ImageObject\",\"@id\":\"https:\/\/arcasfumigaciones.com\/index.php\/quienes-somos\/#primaryimage\",\"inLanguage\":\"es-CO\",\"url\":\"https:\/\/arcasfumigaciones.com\/wp-content\/uploads\/2021\/10\/WhatsApp-Image-2021-10-12-at-9.49.02-AM-768x1024.jpeg\",\"contentUrl\":\"https:\/\/arcasfumigaciones.com\/wp-content\/uploads\/2021\/10\/WhatsApp-Image-2021-10-12-at-9.49.02-AM-768x1024.jpeg\"},{\"@type\":\"WebPage\",\"@id\":\"https:\/\/arcasfumigaciones.com\/index.php\/quienes-somos\/#webpage\",\"url\":\"https:\/\/arcasfumigaciones.com\/index.php\/quienes-somos\/\",\"name\":\"\\u00bfQui\\u00e9nes Somos? - Arcas fumigaciones\",\"isPartOf\":{\"@id\":\"https:\/\/arcasfumigaciones.com\/#website\"},\"primaryImageOfPage\":{\"@id\":\"https:\/\/arcasfumigaciones.com\/index.php\/quienes-somos\/#primaryimage\"},\"datePublished\":\"2020-03-04T17:31:52+00:00\",\"dateModified\":\"2023-11-13T23:47:53+00:00\",\"breadcrumb\":{\"@id\":\"https:\/\/arcasfumigaciones.com\/index.php\/quienes-somos\/#breadcrumb\"},\"inLanguage\":\"es-CO\",\"potentialAction\":[{\"@type\":\"ReadAction\",\"target\":[\"https:\/\/arcasfumigaciones.com\/index.php\/quienes-somos\/\"]}]},{\"@type\":\"BreadcrumbList\",\"@id\":\"https:\/\/arcasfumigaciones.com\/index.php\/quienes-somos\/#breadcrumb\",\"itemListElement\":[{\"@type\":\"ListItem\",\"position\":1,\"name\":\"Inicio\",\"item\":\"https:\/\/arcasfumigaciones.com\/\"},{\"@type\":\"ListItem\",\"position\":2,\"name\":\"\\u00bfQui\\u00e9nes Somos?\"}]}]}<\/script>\n<!-- \/ Yoast SEO plugin. -->","yoast_head_json":{"title":"\u00bfQui\u00e9nes Somos? - Arcas fumigaciones","robots":{"index":"index","follow":"follow","max-snippet":"max-snippet:-1","max-image-preview":"max-image-preview:large","max-video-preview":"max-video-preview:-1"},"canonical":"https:\/\/arcasfumigaciones.com\/index.php\/quienes-somos\/","og_locale":"es_ES","og_type":"article","og_title":"\u00bfQui\u00e9nes Somos? - Arcas fumigaciones","og_description":"Anterior Siguiente Un equipo de trabajo especializado con m\u00e1s de 30 de a\u00f1os de experiencia en el Manejo Integrado de Plagas, Desinfecci\u00f3n Ambiental Limpieza y Desinfecci\u00f3n de Tanques, entre otros servicios. Estamos comprometidos con la Salud P\u00fablica y Saneamiento Ambiental, con concepto Sanitario Favorable avalado por la&nbsp;secretaria de salud en Bogot\u00e1 y con aliados en [&hellip;]","og_url":"https:\/\/arcasfumigaciones.com\/index.php\/quienes-somos\/","og_site_name":"Arcas fumigaciones","article_modified_time":"2023-11-13T23:47:53+00:00","og_image":[{"url":"https:\/\/arcasfumigaciones.com\/wp-content\/uploads\/2021\/10\/WhatsApp-Image-2021-10-12-at-9.49.02-AM-768x1024.jpeg"}],"twitter_card":"summary_large_image","twitter_misc":{"Tiempo estimado de lectura":"3 minutos"},"schema":{"@context":"https:\/\/schema.org","@graph":[{"@type":"WebSite","@id":"https:\/\/arcasfumigaciones.com\/#website","url":"https:\/\/arcasfumigaciones.com\/","name":"Arcas fumigaciones","description":"","potentialAction":[{"@type":"SearchAction","target":{"@type":"EntryPoint","urlTemplate":"https:\/\/arcasfumigaciones.com\/?s={search_term_string}"},"query-input":"required name=search_term_string"}],"inLanguage":"es-CO"},{"@type":"ImageObject","@id":"https:\/\/arcasfumigaciones.com\/index.php\/quienes-somos\/#primaryimage","inLanguage":"es-CO","url":"https:\/\/arcasfumigaciones.com\/wp-content\/uploads\/2021\/10\/WhatsApp-Image-2021-10-12-at-9.49.02-AM-768x1024.jpeg","contentUrl":"https:\/\/arcasfumigaciones.com\/wp-content\/uploads\/2021\/10\/WhatsApp-Image-2021-10-12-at-9.49.02-AM-768x1024.jpeg"},{"@type":"WebPage","@id":"https:\/\/arcasfumigaciones.com\/index.php\/quienes-somos\/#webpage","url":"https:\/\/arcasfumigaciones.com\/index.php\/quienes-somos\/","name":"\u00bfQui\u00e9nes Somos? - Arcas fumigaciones","isPartOf":{"@id":"https:\/\/arcasfumigaciones.com\/#website"},"primaryImageOfPage":{"@id":"https:\/\/arcasfumigaciones.com\/index.php\/quienes-somos\/#primaryimage"},"datePublished":"2020-03-04T17:31:52+00:00","dateModified":"2023-11-13T23:47:53+00:00","breadcrumb":{"@id":"https:\/\/arcasfumigaciones.com\/index.php\/quienes-somos\/#breadcrumb"},"inLanguage":"es-CO","potentialAction":[{"@type":"ReadAction","target":["https:\/\/arcasfumigaciones.com\/index.php\/quienes-somos\/"]}]},{"@type":"BreadcrumbList","@id":"https:\/\/arcasfumigaciones.com\/index.php\/quienes-somos\/#breadcrumb","itemListElement":[{"@type":"ListItem","position":1,"name":"Inicio","item":"https:\/\/arcasfumigaciones.com\/"},{"@type":"ListItem","position":2,"name":"\u00bfQui\u00e9nes Somos?"}]}]}},"_links":{"self":[{"href":"https:\/\/arcasfumigaciones.com\/index.php\/wp-json\/wp\/v2\/pages\/549"}],"collection":[{"href":"https:\/\/arcasfumigaciones.com\/index.php\/wp-json\/wp\/v2\/pages"}],"about":[{"href":"https:\/\/arcasfumigaciones.com\/index.php\/wp-json\/wp\/v2\/types\/page"}],"author":[{"embeddable":true,"href":"https:\/\/arcasfumigaciones.com\/index.php\/wp-json\/wp\/v2\/users\/1"}],"replies":[{"embeddable":true,"href":"https:\/\/arcasfumigaciones.com\/index.php\/wp-json\/wp\/v2\/comments?post=549"}],"version-history":[{"count":60,"href":"https:\/\/arcasfumigaciones.com\/index.php\/wp-json\/wp\/v2\/pages\/549\/revisions"}],"predecessor-version":[{"id":1552,"href":"https:\/\/arcasfumigaciones.com\/index.php\/wp-json\/wp\/v2\/pages\/549\/revisions\/1552"}],"wp:attachment":[{"href":"https:\/\/arcasfumigaciones.com\/index.php\/wp-json\/wp\/v2\/media?parent=549"}],"curies":[{"name":"wp","href":"https:\/\/api.w.org\/{rel}","templated":true}]}}