{"id":1499,"date":"2023-11-14T03:42:09","date_gmt":"2023-11-13T22:42:09","guid":{"rendered":"https:\/\/arcasfumigaciones.com\/?page_id=1499"},"modified":"2024-03-27T04:54:33","modified_gmt":"2024-03-26T23:54:33","slug":"el-manejo-integrado-de-plagas-mip","status":"publish","type":"page","link":"https:\/\/arcasfumigaciones.com\/index.php\/el-manejo-integrado-de-plagas-mip\/","title":{"rendered":"El manejo integrado de plagas (MIP)\u00a0"},"content":{"rendered":"\t\t<div data-elementor-type=\"wp-page\" data-elementor-id=\"1499\" class=\"elementor elementor-1499\" data-elementor-settings=\"[]\">\n\t\t\t\t\t\t<div class=\"elementor-inner\">\n\t\t\t\t\t\t\t<div class=\"elementor-section-wrap\">\n\t\t\t\t\t\t\t<section class=\"elementor-section elementor-top-section elementor-element elementor-element-a69f678 elementor-section-boxed elementor-section-height-default elementor-section-height-default\" data-id=\"a69f678\" data-element_type=\"section\">\n\t\t\t\t\t\t<div class=\"elementor-container elementor-column-gap-default\">\n\t\t\t\t\t\t\t<div class=\"elementor-row\">\n\t\t\t\t\t<div class=\"elementor-column elementor-col-50 elementor-top-column elementor-element elementor-element-3f34079\" data-id=\"3f34079\" data-element_type=\"column\">\n\t\t\t<div class=\"elementor-column-wrap elementor-element-populated\">\n\t\t\t\t\t\t\t<div class=\"elementor-widget-wrap\">\n\t\t\t\t\t\t<div class=\"elementor-element elementor-element-f604cd6 elementor-arrows-position-inside elementor-pagination-position-outside elementor-widget elementor-widget-image-carousel\" data-id=\"f604cd6\" data-element_type=\"widget\" data-settings=\"{&quot;slides_to_show&quot;:&quot;1&quot;,&quot;navigation&quot;:&quot;both&quot;,&quot;autoplay&quot;:&quot;yes&quot;,&quot;pause_on_hover&quot;:&quot;yes&quot;,&quot;pause_on_interaction&quot;:&quot;yes&quot;,&quot;autoplay_speed&quot;:5000,&quot;infinite&quot;:&quot;yes&quot;,&quot;effect&quot;:&quot;slide&quot;,&quot;speed&quot;:500}\" data-widget_type=\"image-carousel.default\">\n\t\t\t\t<div class=\"elementor-widget-container\">\n\t\t\t\t\t<div class=\"elementor-image-carousel-wrapper swiper-container\" dir=\"ltr\">\n\t\t\t<div class=\"elementor-image-carousel swiper-wrapper swiper-image-stretch\">\n\t\t\t\t\t\t\t\t<div class=\"swiper-slide\"><figure class=\"swiper-slide-inner\"><img class=\"swiper-slide-image\" src=\"https:\/\/arcasfumigaciones.com\/wp-content\/uploads\/elementor\/thumbs\/CR-scaled-qlst226e77151dwwvyzirfilv13tjrx7clo61kkg8w.jpg\" alt=\"CR\" \/><\/figure><\/div><div class=\"swiper-slide\"><figure class=\"swiper-slide-inner\"><img class=\"swiper-slide-image\" src=\"https:\/\/arcasfumigaciones.com\/wp-content\/uploads\/elementor\/thumbs\/CONTROL-DE-ROEDORES-qlswn7855rtc4qbwsskabucfysl92qllrsbpo539ds.jpeg\" alt=\"CONTROL DE ROEDORES\" \/><\/figure><\/div><div class=\"swiper-slide\"><figure class=\"swiper-slide-inner\"><img class=\"swiper-slide-image\" src=\"https:\/\/arcasfumigaciones.com\/wp-content\/uploads\/elementor\/thumbs\/WhatsApp-Image-2023-10-31-at-3.28.45-PM-4-qfbkvp4n54n72iuysehy5a9szhtf9xamst6h37zhog.jpeg\" alt=\"WhatsApp Image 2023-10-31 at 3.28.45 PM (4)\" \/><\/figure><\/div><div class=\"swiper-slide\"><figure class=\"swiper-slide-inner\"><img class=\"swiper-slide-image\" src=\"https:\/\/arcasfumigaciones.com\/wp-content\/uploads\/elementor\/thumbs\/WhatsApp-Image-2023-10-31-at-4.00.53-PM-4-e1699916234565-qfbl661x9oz6e5ngnffcf55n707m0juzwms6j6gmdc.jpeg\" alt=\"WhatsApp Image 2023-10-31 at 4.00.53 PM (4)\" \/><\/figure><\/div>\t\t\t<\/div>\n\t\t\t\t\t\t\t\t\t\t\t\t<div class=\"swiper-pagination\"><\/div>\n\t\t\t\t\t\t\t\t\t\t\t\t\t<div class=\"elementor-swiper-button elementor-swiper-button-prev\">\n\t\t\t\t\t\t<i class=\"eicon-chevron-left\" aria-hidden=\"true\"><\/i>\n\t\t\t\t\t\t<span class=\"elementor-screen-only\">Anterior<\/span>\n\t\t\t\t\t<\/div>\n\t\t\t\t\t<div class=\"elementor-swiper-button elementor-swiper-button-next\">\n\t\t\t\t\t\t<i class=\"eicon-chevron-right\" aria-hidden=\"true\"><\/i>\n\t\t\t\t\t\t<span class=\"elementor-screen-only\">Siguiente<\/span>\n\t\t\t\t\t<\/div>\n\t\t\t\t\t\t\t\t\t<\/div>\n\t\t\t\t<\/div>\n\t\t\t\t<\/div>\n\t\t\t\t\t\t<\/div>\n\t\t\t\t\t<\/div>\n\t\t<\/div>\n\t\t\t\t<div class=\"elementor-column elementor-col-50 elementor-top-column elementor-element elementor-element-31f3535\" data-id=\"31f3535\" data-element_type=\"column\">\n\t\t\t<div class=\"elementor-column-wrap elementor-element-populated\">\n\t\t\t\t\t\t\t<div class=\"elementor-widget-wrap\">\n\t\t\t\t\t\t<div class=\"elementor-element elementor-element-709492f elementor-widget elementor-widget-text-editor\" data-id=\"709492f\" data-element_type=\"widget\" data-widget_type=\"text-editor.default\">\n\t\t\t\t<div class=\"elementor-widget-container\">\n\t\t\t\t\t\t\t\t<div class=\"elementor-text-editor elementor-clearfix\">\n\t\t\t\t<p>Consiste en las cuidadosas t\u00e9cnicas para<br \/>combatir las plagas combinando estrategias y pr\u00e1cticas espec\u00edficas de gesti\u00f3n<br \/>biol\u00f3gica, qu\u00edmica, f\u00edsica y agr\u00edcola para producir plaguicidas, mitigando o reduciendo<br \/>al m\u00ednimo los riesgos que plantean estos productos para la salud humana y el medio<br \/>ambiente.<\/p>\t\t\t\t\t<\/div>\n\t\t\t\t\t\t<\/div>\n\t\t\t\t<\/div>\n\t\t\t\t\t\t<\/div>\n\t\t\t\t\t<\/div>\n\t\t<\/div>\n\t\t\t\t\t\t\t\t<\/div>\n\t\t\t\t\t<\/div>\n\t\t<\/section>\n\t\t\t\t\t\t<\/div>\n\t\t\t\t\t\t<\/div>\n\t\t\t\t\t<\/div>\n\t\t","protected":false},"excerpt":{"rendered":"<p>Anterior Siguiente Consiste en las cuidadosas t\u00e9cnicas paracombatir las plagas combinando estrategias y pr\u00e1cticas espec\u00edficas de gesti\u00f3nbiol\u00f3gica, qu\u00edmica, f\u00edsica y agr\u00edcola para producir plaguicidas, mitigando o reduciendoal m\u00ednimo los riesgos que plantean estos productos para la salud humana y el medioambiente.<\/p>\n","protected":false},"author":1,"featured_media":0,"parent":0,"menu_order":0,"comment_status":"closed","ping_status":"closed","template":"","meta":[],"yoast_head":"<!-- This site is optimized with the Yoast SEO plugin v17.3 - https:\/\/yoast.com\/wordpress\/plugins\/seo\/ -->\n<title>El manejo integrado de plagas (MIP)\u00a0 - Arcas fumigaciones<\/title>\n<meta name=\"description\" content=\"cc\" \/>\n<meta name=\"robots\" content=\"index, follow, max-snippet:-1, max-image-preview:large, max-video-preview:-1\" \/>\n<link rel=\"canonical\" href=\"https:\/\/arcasfumigaciones.com\/index.php\/el-manejo-integrado-de-plagas-mip\/\" \/>\n<meta property=\"og:locale\" content=\"es_ES\" \/>\n<meta property=\"og:type\" content=\"article\" \/>\n<meta property=\"og:title\" content=\"El manejo integrado de plagas (MIP)\u00a0 - Arcas fumigaciones\" \/>\n<meta property=\"og:description\" content=\"cc\" \/>\n<meta property=\"og:url\" content=\"https:\/\/arcasfumigaciones.com\/index.php\/el-manejo-integrado-de-plagas-mip\/\" \/>\n<meta property=\"og:site_name\" content=\"Arcas fumigaciones\" \/>\n<meta property=\"article:modified_time\" content=\"2024-03-26T23:54:33+00:00\" \/>\n<meta property=\"og:image\" content=\"https:\/\/arcasfumigaciones.com\/wp-content\/uploads\/elementor\/thumbs\/CR-scaled-qlst226e77151dwwvyzirfilv13tjrx7clo61kkg8w.jpg\" \/>\n<meta name=\"twitter:card\" content=\"summary_large_image\" \/>\n<meta name=\"twitter:label1\" content=\"Tiempo estimado de lectura\" \/>\n\t<meta name=\"twitter:data1\" content=\"2 minutos\" \/>\n<script type=\"application\/ld+json\" class=\"yoast-schema-graph\">{\"@context\":\"https:\/\/schema.org\",\"@graph\":[{\"@type\":\"WebSite\",\"@id\":\"https:\/\/arcasfumigaciones.com\/#website\",\"url\":\"https:\/\/arcasfumigaciones.com\/\",\"name\":\"Arcas fumigaciones\",\"description\":\"\",\"potentialAction\":[{\"@type\":\"SearchAction\",\"target\":{\"@type\":\"EntryPoint\",\"urlTemplate\":\"https:\/\/arcasfumigaciones.com\/?s={search_term_string}\"},\"query-input\":\"required name=search_term_string\"}],\"inLanguage\":\"es-CO\"},{\"@type\":\"ImageObject\",\"@id\":\"https:\/\/arcasfumigaciones.com\/index.php\/el-manejo-integrado-de-plagas-mip\/#primaryimage\",\"inLanguage\":\"es-CO\",\"url\":\"https:\/\/arcasfumigaciones.com\/wp-content\/uploads\/elementor\/thumbs\/CR-scaled-qlst226e77151dwwvyzirfilv13tjrx7clo61kkg8w.jpg\",\"contentUrl\":\"https:\/\/arcasfumigaciones.com\/wp-content\/uploads\/elementor\/thumbs\/CR-scaled-qlst226e77151dwwvyzirfilv13tjrx7clo61kkg8w.jpg\"},{\"@type\":\"WebPage\",\"@id\":\"https:\/\/arcasfumigaciones.com\/index.php\/el-manejo-integrado-de-plagas-mip\/#webpage\",\"url\":\"https:\/\/arcasfumigaciones.com\/index.php\/el-manejo-integrado-de-plagas-mip\/\",\"name\":\"El manejo integrado de plagas (MIP)\\u00a0 - Arcas fumigaciones\",\"isPartOf\":{\"@id\":\"https:\/\/arcasfumigaciones.com\/#website\"},\"primaryImageOfPage\":{\"@id\":\"https:\/\/arcasfumigaciones.com\/index.php\/el-manejo-integrado-de-plagas-mip\/#primaryimage\"},\"datePublished\":\"2023-11-13T22:42:09+00:00\",\"dateModified\":\"2024-03-26T23:54:33+00:00\",\"description\":\"cc\",\"breadcrumb\":{\"@id\":\"https:\/\/arcasfumigaciones.com\/index.php\/el-manejo-integrado-de-plagas-mip\/#breadcrumb\"},\"inLanguage\":\"es-CO\",\"potentialAction\":[{\"@type\":\"ReadAction\",\"target\":[\"https:\/\/arcasfumigaciones.com\/index.php\/el-manejo-integrado-de-plagas-mip\/\"]}]},{\"@type\":\"BreadcrumbList\",\"@id\":\"https:\/\/arcasfumigaciones.com\/index.php\/el-manejo-integrado-de-plagas-mip\/#breadcrumb\",\"itemListElement\":[{\"@type\":\"ListItem\",\"position\":1,\"name\":\"Inicio\",\"item\":\"https:\/\/arcasfumigaciones.com\/\"},{\"@type\":\"ListItem\",\"position\":2,\"name\":\"El manejo integrado de plagas (MIP)\\u00a0\"}]}]}<\/script>\n<!-- \/ Yoast SEO plugin. -->","yoast_head_json":{"title":"El manejo integrado de plagas (MIP)\u00a0 - Arcas fumigaciones","description":"cc","robots":{"index":"index","follow":"follow","max-snippet":"max-snippet:-1","max-image-preview":"max-image-preview:large","max-video-preview":"max-video-preview:-1"},"canonical":"https:\/\/arcasfumigaciones.com\/index.php\/el-manejo-integrado-de-plagas-mip\/","og_locale":"es_ES","og_type":"article","og_title":"El manejo integrado de plagas (MIP)\u00a0 - Arcas fumigaciones","og_description":"cc","og_url":"https:\/\/arcasfumigaciones.com\/index.php\/el-manejo-integrado-de-plagas-mip\/","og_site_name":"Arcas fumigaciones","article_modified_time":"2024-03-26T23:54:33+00:00","og_image":[{"url":"https:\/\/arcasfumigaciones.com\/wp-content\/uploads\/elementor\/thumbs\/CR-scaled-qlst226e77151dwwvyzirfilv13tjrx7clo61kkg8w.jpg"}],"twitter_card":"summary_large_image","twitter_misc":{"Tiempo estimado de lectura":"2 minutos"},"schema":{"@context":"https:\/\/schema.org","@graph":[{"@type":"WebSite","@id":"https:\/\/arcasfumigaciones.com\/#website","url":"https:\/\/arcasfumigaciones.com\/","name":"Arcas fumigaciones","description":"","potentialAction":[{"@type":"SearchAction","target":{"@type":"EntryPoint","urlTemplate":"https:\/\/arcasfumigaciones.com\/?s={search_term_string}"},"query-input":"required name=search_term_string"}],"inLanguage":"es-CO"},{"@type":"ImageObject","@id":"https:\/\/arcasfumigaciones.com\/index.php\/el-manejo-integrado-de-plagas-mip\/#primaryimage","inLanguage":"es-CO","url":"https:\/\/arcasfumigaciones.com\/wp-content\/uploads\/elementor\/thumbs\/CR-scaled-qlst226e77151dwwvyzirfilv13tjrx7clo61kkg8w.jpg","contentUrl":"https:\/\/arcasfumigaciones.com\/wp-content\/uploads\/elementor\/thumbs\/CR-scaled-qlst226e77151dwwvyzirfilv13tjrx7clo61kkg8w.jpg"},{"@type":"WebPage","@id":"https:\/\/arcasfumigaciones.com\/index.php\/el-manejo-integrado-de-plagas-mip\/#webpage","url":"https:\/\/arcasfumigaciones.com\/index.php\/el-manejo-integrado-de-plagas-mip\/","name":"El manejo integrado de plagas (MIP)\u00a0 - Arcas fumigaciones","isPartOf":{"@id":"https:\/\/arcasfumigaciones.com\/#website"},"primaryImageOfPage":{"@id":"https:\/\/arcasfumigaciones.com\/index.php\/el-manejo-integrado-de-plagas-mip\/#primaryimage"},"datePublished":"2023-11-13T22:42:09+00:00","dateModified":"2024-03-26T23:54:33+00:00","description":"cc","breadcrumb":{"@id":"https:\/\/arcasfumigaciones.com\/index.php\/el-manejo-integrado-de-plagas-mip\/#breadcrumb"},"inLanguage":"es-CO","potentialAction":[{"@type":"ReadAction","target":["https:\/\/arcasfumigaciones.com\/index.php\/el-manejo-integrado-de-plagas-mip\/"]}]},{"@type":"BreadcrumbList","@id":"https:\/\/arcasfumigaciones.com\/index.php\/el-manejo-integrado-de-plagas-mip\/#breadcrumb","itemListElement":[{"@type":"ListItem","position":1,"name":"Inicio","item":"https:\/\/arcasfumigaciones.com\/"},{"@type":"ListItem","position":2,"name":"El manejo integrado de plagas (MIP)\u00a0"}]}]}},"_links":{"self":[{"href":"https:\/\/arcasfumigaciones.com\/index.php\/wp-json\/wp\/v2\/pages\/1499"}],"collection":[{"href":"https:\/\/arcasfumigaciones.com\/index.php\/wp-json\/wp\/v2\/pages"}],"about":[{"href":"https:\/\/arcasfumigaciones.com\/index.php\/wp-json\/wp\/v2\/types\/page"}],"author":[{"embeddable":true,"href":"https:\/\/arcasfumigaciones.com\/index.php\/wp-json\/wp\/v2\/users\/1"}],"replies":[{"embeddable":true,"href":"https:\/\/arcasfumigaciones.com\/index.php\/wp-json\/wp\/v2\/comments?post=1499"}],"version-history":[{"count":14,"href":"https:\/\/arcasfumigaciones.com\/index.php\/wp-json\/wp\/v2\/pages\/1499\/revisions"}],"predecessor-version":[{"id":1587,"href":"https:\/\/arcasfumigaciones.com\/index.php\/wp-json\/wp\/v2\/pages\/1499\/revisions\/1587"}],"wp:attachment":[{"href":"https:\/\/arcasfumigaciones.com\/index.php\/wp-json\/wp\/v2\/media?parent=1499"}],"curies":[{"name":"wp","href":"https:\/\/api.w.org\/{rel}","templated":true}]}}