{"id":1170,"date":"2021-09-28T09:03:56","date_gmt":"2021-09-28T04:03:56","guid":{"rendered":"https:\/\/arcasfumigaciones.com\/?page_id=1170"},"modified":"2024-03-27T03:43:44","modified_gmt":"2024-03-26T22:43:44","slug":"analisis-agua","status":"publish","type":"page","link":"https:\/\/arcasfumigaciones.com\/index.php\/analisis-agua\/","title":{"rendered":"An\u00e1lisis de agua potable y vertimientos"},"content":{"rendered":"\t\t<div data-elementor-type=\"wp-page\" data-elementor-id=\"1170\" class=\"elementor elementor-1170\" data-elementor-settings=\"[]\">\n\t\t\t\t\t\t<div class=\"elementor-inner\">\n\t\t\t\t\t\t\t<div class=\"elementor-section-wrap\">\n\t\t\t\t\t\t\t<section class=\"elementor-section elementor-top-section elementor-element elementor-element-ee4e94b elementor-section-boxed elementor-section-height-default elementor-section-height-default\" data-id=\"ee4e94b\" data-element_type=\"section\">\n\t\t\t\t\t\t<div class=\"elementor-container elementor-column-gap-default\">\n\t\t\t\t\t\t\t<div class=\"elementor-row\">\n\t\t\t\t\t<div class=\"elementor-column elementor-col-50 elementor-top-column elementor-element elementor-element-3003cf2\" data-id=\"3003cf2\" data-element_type=\"column\">\n\t\t\t<div class=\"elementor-column-wrap elementor-element-populated\">\n\t\t\t\t\t\t\t<div class=\"elementor-widget-wrap\">\n\t\t\t\t\t\t<div class=\"elementor-element elementor-element-77ac69e elementor-arrows-position-inside elementor-pagination-position-outside elementor-widget elementor-widget-image-carousel\" data-id=\"77ac69e\" data-element_type=\"widget\" data-settings=\"{&quot;slides_to_show&quot;:&quot;1&quot;,&quot;navigation&quot;:&quot;both&quot;,&quot;autoplay&quot;:&quot;yes&quot;,&quot;pause_on_hover&quot;:&quot;yes&quot;,&quot;pause_on_interaction&quot;:&quot;yes&quot;,&quot;autoplay_speed&quot;:5000,&quot;infinite&quot;:&quot;yes&quot;,&quot;effect&quot;:&quot;slide&quot;,&quot;speed&quot;:500}\" data-widget_type=\"image-carousel.default\">\n\t\t\t\t<div class=\"elementor-widget-container\">\n\t\t\t\t\t<div class=\"elementor-image-carousel-wrapper swiper-container\" dir=\"ltr\">\n\t\t\t<div class=\"elementor-image-carousel swiper-wrapper\">\n\t\t\t\t\t\t\t\t<div class=\"swiper-slide\"><figure class=\"swiper-slide-inner\"><img class=\"swiper-slide-image\" src=\"https:\/\/arcasfumigaciones.com\/wp-content\/uploads\/2021\/10\/agua.jpeg\" alt=\"agua\" \/><\/figure><\/div><div class=\"swiper-slide\"><figure class=\"swiper-slide-inner\"><img class=\"swiper-slide-image\" src=\"https:\/\/arcasfumigaciones.com\/wp-content\/uploads\/2021\/10\/potable.jpeg\" alt=\"potable\" \/><\/figure><\/div>\t\t\t<\/div>\n\t\t\t\t\t\t\t\t\t\t\t\t<div class=\"swiper-pagination\"><\/div>\n\t\t\t\t\t\t\t\t\t\t\t\t\t<div class=\"elementor-swiper-button elementor-swiper-button-prev\">\n\t\t\t\t\t\t<i class=\"eicon-chevron-left\" aria-hidden=\"true\"><\/i>\n\t\t\t\t\t\t<span class=\"elementor-screen-only\">Anterior<\/span>\n\t\t\t\t\t<\/div>\n\t\t\t\t\t<div class=\"elementor-swiper-button elementor-swiper-button-next\">\n\t\t\t\t\t\t<i class=\"eicon-chevron-right\" aria-hidden=\"true\"><\/i>\n\t\t\t\t\t\t<span class=\"elementor-screen-only\">Siguiente<\/span>\n\t\t\t\t\t<\/div>\n\t\t\t\t\t\t\t\t\t<\/div>\n\t\t\t\t<\/div>\n\t\t\t\t<\/div>\n\t\t\t\t\t\t<\/div>\n\t\t\t\t\t<\/div>\n\t\t<\/div>\n\t\t\t\t<div class=\"elementor-column elementor-col-50 elementor-top-column elementor-element elementor-element-2fa35be\" data-id=\"2fa35be\" data-element_type=\"column\">\n\t\t\t<div class=\"elementor-column-wrap elementor-element-populated\">\n\t\t\t\t\t\t\t<div class=\"elementor-widget-wrap\">\n\t\t\t\t\t\t<div class=\"elementor-element elementor-element-eb4c5e0 elementor-widget elementor-widget-text-editor\" data-id=\"eb4c5e0\" data-element_type=\"widget\" data-widget_type=\"text-editor.default\">\n\t\t\t\t<div class=\"elementor-widget-container\">\n\t\t\t\t\t\t\t\t<div class=\"elementor-text-editor elementor-clearfix\">\n\t\t\t\t<h4>\u00a0<\/h4><h4>\u00a0<\/h4><h4>\u00a0An\u00e1lisis de Agua microbiol\u00f3gico y fisicoqu\u00edmico PRE y POST.<\/h4><p><span lang=\"ES-CO\">An\u00e1lisis \u00a0fisicoqu\u00edmico y microbiol\u00f3gico de agua potable de acuerdo con la resoluci\u00f3n 2115 del 2007.<\/span><\/p>\t\t\t\t\t<\/div>\n\t\t\t\t\t\t<\/div>\n\t\t\t\t<\/div>\n\t\t\t\t\t\t<\/div>\n\t\t\t\t\t<\/div>\n\t\t<\/div>\n\t\t\t\t\t\t\t\t<\/div>\n\t\t\t\t\t<\/div>\n\t\t<\/section>\n\t\t\t\t<section class=\"elementor-section elementor-top-section elementor-element elementor-element-305ea8b0 elementor-section-content-middle elementor-section-boxed elementor-section-height-default elementor-section-height-default\" data-id=\"305ea8b0\" data-element_type=\"section\" data-settings=\"{&quot;background_background&quot;:&quot;classic&quot;,&quot;shape_divider_top&quot;:&quot;opacity-tilt&quot;}\">\n\t\t\t\t\t<div class=\"elementor-shape elementor-shape-top\" data-negative=\"false\">\n\t\t\t<svg xmlns=\"http:\/\/www.w3.org\/2000\/svg\" viewBox=\"0 0 2600 131.1\" preserveAspectRatio=\"none\">\n\t<path class=\"elementor-shape-fill\" d=\"M0 0L2600 0 2600 69.1 0 0z\"\/>\n\t<path class=\"elementor-shape-fill\" style=\"opacity:0.5\" d=\"M0 0L2600 0 2600 69.1 0 69.1z\"\/>\n\t<path class=\"elementor-shape-fill\" style=\"opacity:0.25\" d=\"M2600 0L0 0 0 130.1 2600 69.1z\"\/>\n<\/svg>\t\t<\/div>\n\t\t\t\t\t<div class=\"elementor-container elementor-column-gap-no\">\n\t\t\t\t\t\t\t<div class=\"elementor-row\">\n\t\t\t\t\t<div class=\"elementor-column elementor-col-100 elementor-top-column elementor-element elementor-element-5c76aeab\" data-id=\"5c76aeab\" data-element_type=\"column\">\n\t\t\t<div class=\"elementor-column-wrap elementor-element-populated\">\n\t\t\t\t\t\t\t<div class=\"elementor-widget-wrap\">\n\t\t\t\t\t\t<div class=\"elementor-element elementor-element-115409f9 elementor-widget elementor-widget-heading\" data-id=\"115409f9\" data-element_type=\"widget\" data-widget_type=\"heading.default\">\n\t\t\t\t<div class=\"elementor-widget-container\">\n\t\t\t<h4 class=\"elementor-heading-title elementor-size-default\">\u00bfQuieres saber m\u00e1s de este servicio?<\/h4>\t\t<\/div>\n\t\t\t\t<\/div>\n\t\t\t\t<div class=\"elementor-element elementor-element-1b88643 elementor-widget elementor-widget-text-editor\" data-id=\"1b88643\" data-element_type=\"widget\" data-widget_type=\"text-editor.default\">\n\t\t\t\t<div class=\"elementor-widget-container\">\n\t\t\t\t\t\t\t\t<div class=\"elementor-text-editor elementor-clearfix\">\n\t\t\t\t<p>\u00a1Hablemos! haciendo clic<\/p>\t\t\t\t\t<\/div>\n\t\t\t\t\t\t<\/div>\n\t\t\t\t<\/div>\n\t\t\t\t<div class=\"elementor-element elementor-element-6ecc16a8 elementor-align-center elementor-widget elementor-widget-button\" data-id=\"6ecc16a8\" data-element_type=\"widget\" data-widget_type=\"button.default\">\n\t\t\t\t<div class=\"elementor-widget-container\">\n\t\t\t\t\t<div class=\"elementor-button-wrapper\">\n\t\t\t<a href=\"https:\/\/arcasfumigaciones.com\/index.php\/contactanos\/\" class=\"elementor-button-link elementor-button elementor-size-sm elementor-animation-grow\" role=\"button\">\n\t\t\t\t\t\t<span class=\"elementor-button-content-wrapper\">\n\t\t\t\t\t\t<span class=\"elementor-button-text\">Aqu\u00ed<\/span>\n\t\t<\/span>\n\t\t\t\t\t<\/a>\n\t\t<\/div>\n\t\t\t\t<\/div>\n\t\t\t\t<\/div>\n\t\t\t\t<div class=\"elementor-element elementor-element-eb30ba7 elementor-button-success elementor-align-center elementor-widget elementor-widget-button\" data-id=\"eb30ba7\" data-element_type=\"widget\" data-widget_type=\"button.default\">\n\t\t\t\t<div class=\"elementor-widget-container\">\n\t\t\t\t\t<div class=\"elementor-button-wrapper\">\n\t\t\t<a href=\"https:\/\/api.whatsapp.com\/send?phone=+573508581944&#038;text=Buenas%20tardes,%20deseo%20cotizar%20sus%20servicios.%20Gracias.\" class=\"elementor-button-link elementor-button elementor-size-sm\" role=\"button\">\n\t\t\t\t\t\t<span class=\"elementor-button-content-wrapper\">\n\t\t\t\t\t\t<span class=\"elementor-button-icon elementor-align-icon-left\">\n\t\t\t\t<i aria-hidden=\"true\" class=\"fab fa-whatsapp\"><\/i>\t\t\t<\/span>\n\t\t\t\t\t\t<span class=\"elementor-button-text\">Hablemos por WhatsApp<\/span>\n\t\t<\/span>\n\t\t\t\t\t<\/a>\n\t\t<\/div>\n\t\t\t\t<\/div>\n\t\t\t\t<\/div>\n\t\t\t\t\t\t<\/div>\n\t\t\t\t\t<\/div>\n\t\t<\/div>\n\t\t\t\t\t\t\t\t<\/div>\n\t\t\t\t\t<\/div>\n\t\t<\/section>\n\t\t\t\t\t\t<\/div>\n\t\t\t\t\t\t<\/div>\n\t\t\t\t\t<\/div>\n\t\t","protected":false},"excerpt":{"rendered":"<p>Anterior Siguiente \u00a0 \u00a0 \u00a0An\u00e1lisis de Agua microbiol\u00f3gico y fisicoqu\u00edmico PRE y POST. An\u00e1lisis \u00a0fisicoqu\u00edmico y microbiol\u00f3gico de agua potable de acuerdo con la resoluci\u00f3n 2115 del 2007. \u00bfQuieres saber m\u00e1s de este servicio? \u00a1Hablemos! haciendo clic Aqu\u00ed Hablemos por WhatsApp<\/p>\n","protected":false},"author":1,"featured_media":0,"parent":0,"menu_order":0,"comment_status":"closed","ping_status":"closed","template":"","meta":[],"yoast_head":"<!-- This site is optimized with the Yoast SEO plugin v17.3 - https:\/\/yoast.com\/wordpress\/plugins\/seo\/ -->\n<title>An\u00e1lisis de agua potable y vertimientos - Arcas fumigaciones<\/title>\n<meta name=\"robots\" content=\"index, follow, max-snippet:-1, max-image-preview:large, max-video-preview:-1\" \/>\n<link rel=\"canonical\" href=\"https:\/\/arcasfumigaciones.com\/index.php\/analisis-agua\/\" \/>\n<meta property=\"og:locale\" content=\"es_ES\" \/>\n<meta property=\"og:type\" content=\"article\" \/>\n<meta property=\"og:title\" content=\"An\u00e1lisis de agua potable y vertimientos - Arcas fumigaciones\" \/>\n<meta property=\"og:description\" content=\"Anterior Siguiente \u00a0 \u00a0 \u00a0An\u00e1lisis de Agua microbiol\u00f3gico y fisicoqu\u00edmico PRE y POST. An\u00e1lisis \u00a0fisicoqu\u00edmico y microbiol\u00f3gico de agua potable de acuerdo con la resoluci\u00f3n 2115 del 2007. \u00bfQuieres saber m\u00e1s de este servicio? \u00a1Hablemos! haciendo clic Aqu\u00ed Hablemos por WhatsApp\" \/>\n<meta property=\"og:url\" content=\"https:\/\/arcasfumigaciones.com\/index.php\/analisis-agua\/\" \/>\n<meta property=\"og:site_name\" content=\"Arcas fumigaciones\" \/>\n<meta property=\"article:modified_time\" content=\"2024-03-26T22:43:44+00:00\" \/>\n<meta property=\"og:image\" content=\"https:\/\/arcasfumigaciones.com\/wp-content\/uploads\/2021\/10\/agua.jpeg\" \/>\n<meta name=\"twitter:card\" content=\"summary_large_image\" \/>\n<meta name=\"twitter:label1\" content=\"Tiempo estimado de lectura\" \/>\n\t<meta name=\"twitter:data1\" content=\"1 minuto\" \/>\n<script type=\"application\/ld+json\" class=\"yoast-schema-graph\">{\"@context\":\"https:\/\/schema.org\",\"@graph\":[{\"@type\":\"WebSite\",\"@id\":\"https:\/\/arcasfumigaciones.com\/#website\",\"url\":\"https:\/\/arcasfumigaciones.com\/\",\"name\":\"Arcas fumigaciones\",\"description\":\"\",\"potentialAction\":[{\"@type\":\"SearchAction\",\"target\":{\"@type\":\"EntryPoint\",\"urlTemplate\":\"https:\/\/arcasfumigaciones.com\/?s={search_term_string}\"},\"query-input\":\"required name=search_term_string\"}],\"inLanguage\":\"es-CO\"},{\"@type\":\"ImageObject\",\"@id\":\"https:\/\/arcasfumigaciones.com\/index.php\/analisis-agua\/#primaryimage\",\"inLanguage\":\"es-CO\",\"url\":\"https:\/\/arcasfumigaciones.com\/wp-content\/uploads\/2021\/10\/agua.jpeg\",\"contentUrl\":\"https:\/\/arcasfumigaciones.com\/wp-content\/uploads\/2021\/10\/agua.jpeg\",\"width\":389,\"height\":292},{\"@type\":\"WebPage\",\"@id\":\"https:\/\/arcasfumigaciones.com\/index.php\/analisis-agua\/#webpage\",\"url\":\"https:\/\/arcasfumigaciones.com\/index.php\/analisis-agua\/\",\"name\":\"An\\u00e1lisis de agua potable y vertimientos - Arcas fumigaciones\",\"isPartOf\":{\"@id\":\"https:\/\/arcasfumigaciones.com\/#website\"},\"primaryImageOfPage\":{\"@id\":\"https:\/\/arcasfumigaciones.com\/index.php\/analisis-agua\/#primaryimage\"},\"datePublished\":\"2021-09-28T04:03:56+00:00\",\"dateModified\":\"2024-03-26T22:43:44+00:00\",\"breadcrumb\":{\"@id\":\"https:\/\/arcasfumigaciones.com\/index.php\/analisis-agua\/#breadcrumb\"},\"inLanguage\":\"es-CO\",\"potentialAction\":[{\"@type\":\"ReadAction\",\"target\":[\"https:\/\/arcasfumigaciones.com\/index.php\/analisis-agua\/\"]}]},{\"@type\":\"BreadcrumbList\",\"@id\":\"https:\/\/arcasfumigaciones.com\/index.php\/analisis-agua\/#breadcrumb\",\"itemListElement\":[{\"@type\":\"ListItem\",\"position\":1,\"name\":\"Inicio\",\"item\":\"https:\/\/arcasfumigaciones.com\/\"},{\"@type\":\"ListItem\",\"position\":2,\"name\":\"An\\u00e1lisis de agua potable y vertimientos\"}]}]}<\/script>\n<!-- \/ Yoast SEO plugin. -->","yoast_head_json":{"title":"An\u00e1lisis de agua potable y vertimientos - Arcas fumigaciones","robots":{"index":"index","follow":"follow","max-snippet":"max-snippet:-1","max-image-preview":"max-image-preview:large","max-video-preview":"max-video-preview:-1"},"canonical":"https:\/\/arcasfumigaciones.com\/index.php\/analisis-agua\/","og_locale":"es_ES","og_type":"article","og_title":"An\u00e1lisis de agua potable y vertimientos - Arcas fumigaciones","og_description":"Anterior Siguiente \u00a0 \u00a0 \u00a0An\u00e1lisis de Agua microbiol\u00f3gico y fisicoqu\u00edmico PRE y POST. An\u00e1lisis \u00a0fisicoqu\u00edmico y microbiol\u00f3gico de agua potable de acuerdo con la resoluci\u00f3n 2115 del 2007. \u00bfQuieres saber m\u00e1s de este servicio? \u00a1Hablemos! haciendo clic Aqu\u00ed Hablemos por WhatsApp","og_url":"https:\/\/arcasfumigaciones.com\/index.php\/analisis-agua\/","og_site_name":"Arcas fumigaciones","article_modified_time":"2024-03-26T22:43:44+00:00","og_image":[{"url":"https:\/\/arcasfumigaciones.com\/wp-content\/uploads\/2021\/10\/agua.jpeg"}],"twitter_card":"summary_large_image","twitter_misc":{"Tiempo estimado de lectura":"1 minuto"},"schema":{"@context":"https:\/\/schema.org","@graph":[{"@type":"WebSite","@id":"https:\/\/arcasfumigaciones.com\/#website","url":"https:\/\/arcasfumigaciones.com\/","name":"Arcas fumigaciones","description":"","potentialAction":[{"@type":"SearchAction","target":{"@type":"EntryPoint","urlTemplate":"https:\/\/arcasfumigaciones.com\/?s={search_term_string}"},"query-input":"required name=search_term_string"}],"inLanguage":"es-CO"},{"@type":"ImageObject","@id":"https:\/\/arcasfumigaciones.com\/index.php\/analisis-agua\/#primaryimage","inLanguage":"es-CO","url":"https:\/\/arcasfumigaciones.com\/wp-content\/uploads\/2021\/10\/agua.jpeg","contentUrl":"https:\/\/arcasfumigaciones.com\/wp-content\/uploads\/2021\/10\/agua.jpeg","width":389,"height":292},{"@type":"WebPage","@id":"https:\/\/arcasfumigaciones.com\/index.php\/analisis-agua\/#webpage","url":"https:\/\/arcasfumigaciones.com\/index.php\/analisis-agua\/","name":"An\u00e1lisis de agua potable y vertimientos - Arcas fumigaciones","isPartOf":{"@id":"https:\/\/arcasfumigaciones.com\/#website"},"primaryImageOfPage":{"@id":"https:\/\/arcasfumigaciones.com\/index.php\/analisis-agua\/#primaryimage"},"datePublished":"2021-09-28T04:03:56+00:00","dateModified":"2024-03-26T22:43:44+00:00","breadcrumb":{"@id":"https:\/\/arcasfumigaciones.com\/index.php\/analisis-agua\/#breadcrumb"},"inLanguage":"es-CO","potentialAction":[{"@type":"ReadAction","target":["https:\/\/arcasfumigaciones.com\/index.php\/analisis-agua\/"]}]},{"@type":"BreadcrumbList","@id":"https:\/\/arcasfumigaciones.com\/index.php\/analisis-agua\/#breadcrumb","itemListElement":[{"@type":"ListItem","position":1,"name":"Inicio","item":"https:\/\/arcasfumigaciones.com\/"},{"@type":"ListItem","position":2,"name":"An\u00e1lisis de agua potable y vertimientos"}]}]}},"_links":{"self":[{"href":"https:\/\/arcasfumigaciones.com\/index.php\/wp-json\/wp\/v2\/pages\/1170"}],"collection":[{"href":"https:\/\/arcasfumigaciones.com\/index.php\/wp-json\/wp\/v2\/pages"}],"about":[{"href":"https:\/\/arcasfumigaciones.com\/index.php\/wp-json\/wp\/v2\/types\/page"}],"author":[{"embeddable":true,"href":"https:\/\/arcasfumigaciones.com\/index.php\/wp-json\/wp\/v2\/users\/1"}],"replies":[{"embeddable":true,"href":"https:\/\/arcasfumigaciones.com\/index.php\/wp-json\/wp\/v2\/comments?post=1170"}],"version-history":[{"count":18,"href":"https:\/\/arcasfumigaciones.com\/index.php\/wp-json\/wp\/v2\/pages\/1170\/revisions"}],"predecessor-version":[{"id":1582,"href":"https:\/\/arcasfumigaciones.com\/index.php\/wp-json\/wp\/v2\/pages\/1170\/revisions\/1582"}],"wp:attachment":[{"href":"https:\/\/arcasfumigaciones.com\/index.php\/wp-json\/wp\/v2\/media?parent=1170"}],"curies":[{"name":"wp","href":"https:\/\/api.w.org\/{rel}","templated":true}]}}