{"id":1148,"date":"2021-09-28T08:38:22","date_gmt":"2021-09-28T03:38:22","guid":{"rendered":"https:\/\/arcasfumigaciones.com\/?page_id=1148"},"modified":"2024-03-27T03:33:30","modified_gmt":"2024-03-26T22:33:30","slug":"limpieza-de-tanques","status":"publish","type":"page","link":"https:\/\/arcasfumigaciones.com\/index.php\/limpieza-de-tanques\/","title":{"rendered":"Limpieza de tanques"},"content":{"rendered":"\t\t<div data-elementor-type=\"wp-page\" data-elementor-id=\"1148\" class=\"elementor elementor-1148\" data-elementor-settings=\"[]\">\n\t\t\t\t\t\t<div class=\"elementor-inner\">\n\t\t\t\t\t\t\t<div class=\"elementor-section-wrap\">\n\t\t\t\t\t\t\t<section class=\"elementor-section elementor-top-section elementor-element elementor-element-0164ec7 elementor-section-boxed elementor-section-height-default elementor-section-height-default\" data-id=\"0164ec7\" data-element_type=\"section\">\n\t\t\t\t\t\t<div class=\"elementor-container elementor-column-gap-default\">\n\t\t\t\t\t\t\t<div class=\"elementor-row\">\n\t\t\t\t\t<div class=\"elementor-column elementor-col-50 elementor-top-column elementor-element elementor-element-ea7b77a\" data-id=\"ea7b77a\" data-element_type=\"column\">\n\t\t\t<div class=\"elementor-column-wrap elementor-element-populated\">\n\t\t\t\t\t\t\t<div class=\"elementor-widget-wrap\">\n\t\t\t\t\t\t<div class=\"elementor-element elementor-element-70669bd elementor-widget elementor-widget-image-carousel\" data-id=\"70669bd\" data-element_type=\"widget\" data-settings=\"{&quot;slides_to_show&quot;:&quot;1&quot;,&quot;navigation&quot;:&quot;none&quot;,&quot;autoplay&quot;:&quot;yes&quot;,&quot;pause_on_hover&quot;:&quot;yes&quot;,&quot;pause_on_interaction&quot;:&quot;yes&quot;,&quot;autoplay_speed&quot;:5000,&quot;infinite&quot;:&quot;yes&quot;,&quot;effect&quot;:&quot;slide&quot;,&quot;speed&quot;:500}\" data-widget_type=\"image-carousel.default\">\n\t\t\t\t<div class=\"elementor-widget-container\">\n\t\t\t\t\t<div class=\"elementor-image-carousel-wrapper swiper-container\" dir=\"ltr\">\n\t\t\t<div class=\"elementor-image-carousel swiper-wrapper\">\n\t\t\t\t\t\t\t\t<div class=\"swiper-slide\"><figure class=\"swiper-slide-inner\"><img class=\"swiper-slide-image\" src=\"https:\/\/arcasfumigaciones.com\/wp-content\/uploads\/2024\/03\/tanque3.jpeg\" alt=\"tanque3\" \/><\/figure><\/div><div class=\"swiper-slide\"><figure class=\"swiper-slide-inner\"><img class=\"swiper-slide-image\" src=\"https:\/\/arcasfumigaciones.com\/wp-content\/uploads\/2024\/03\/LV-TQ2.jpeg\" alt=\"LV TQ2\" \/><\/figure><\/div><div class=\"swiper-slide\"><figure class=\"swiper-slide-inner\"><img class=\"swiper-slide-image\" src=\"https:\/\/arcasfumigaciones.com\/wp-content\/uploads\/2024\/03\/tanque.jpeg\" alt=\"tanque\" \/><\/figure><\/div><div class=\"swiper-slide\"><figure class=\"swiper-slide-inner\"><img class=\"swiper-slide-image\" src=\"https:\/\/arcasfumigaciones.com\/wp-content\/uploads\/2021\/09\/WhatsApp-Image-2021-05-31-at-1.45.36-PM-2.jpeg\" alt=\"WhatsApp Image 2021-05-31 at 1.45.36 PM (2)\" \/><\/figure><\/div>\t\t\t<\/div>\n\t\t\t\t\t\t\t\t\t\t\t\t\t\t\t\t<\/div>\n\t\t\t\t<\/div>\n\t\t\t\t<\/div>\n\t\t\t\t\t\t<\/div>\n\t\t\t\t\t<\/div>\n\t\t<\/div>\n\t\t\t\t<div class=\"elementor-column elementor-col-50 elementor-top-column elementor-element elementor-element-ac6e868\" data-id=\"ac6e868\" data-element_type=\"column\">\n\t\t\t<div class=\"elementor-column-wrap elementor-element-populated\">\n\t\t\t\t\t\t\t<div class=\"elementor-widget-wrap\">\n\t\t\t\t\t\t<div class=\"elementor-element elementor-element-cb70c0f elementor-absolute elementor-widget elementor-widget-text-editor\" data-id=\"cb70c0f\" data-element_type=\"widget\" data-settings=\"{&quot;_position&quot;:&quot;absolute&quot;}\" data-widget_type=\"text-editor.default\">\n\t\t\t\t<div class=\"elementor-widget-container\">\n\t\t\t\t\t\t\t\t<div class=\"elementor-text-editor elementor-clearfix\">\n\t\t\t\t<h5><span lang=\"ES-CO\"><b>Limpieza y desinfecci\u00f3n de tanques de agua potable y otros.<\/b><\/span><\/h5><p><span lang=\"ES-CO\"><b>\u00a0<\/b><\/span><span lang=\"ES-CO\"><b>Tipos:<\/b> Agua potable aguas lluvias, red de incendio, etc.<\/span><\/p><p><span lang=\"ES-CO\">\u00a0<\/span><span lang=\"ES-CO\">Seguimos resoluci\u00f3n 2190 de 1991 para Limpieza y desinfecci\u00f3n de tanques cada 6 meses con personal capacitado.<br \/><\/span><\/p><p><span lang=\"ES-CO\">Elementos de protecci\u00f3n personal, vaciado del tanque, limpieza de residuos, Pre limpieza del tanque, l<\/span>impieza y desinfecci\u00f3n de tanques contamos con Profesionales HSE.\u00a0\u00a0<\/p>\t\t\t\t\t<\/div>\n\t\t\t\t\t\t<\/div>\n\t\t\t\t<\/div>\n\t\t\t\t\t\t<\/div>\n\t\t\t\t\t<\/div>\n\t\t<\/div>\n\t\t\t\t\t\t\t\t<\/div>\n\t\t\t\t\t<\/div>\n\t\t<\/section>\n\t\t\t\t<section class=\"elementor-section elementor-top-section elementor-element elementor-element-5ec5a510 elementor-section-content-middle elementor-section-boxed elementor-section-height-default elementor-section-height-default\" data-id=\"5ec5a510\" data-element_type=\"section\" data-settings=\"{&quot;background_background&quot;:&quot;classic&quot;,&quot;shape_divider_top&quot;:&quot;opacity-tilt&quot;}\">\n\t\t\t\t\t<div class=\"elementor-shape elementor-shape-top\" data-negative=\"false\">\n\t\t\t<svg xmlns=\"http:\/\/www.w3.org\/2000\/svg\" viewBox=\"0 0 2600 131.1\" preserveAspectRatio=\"none\">\n\t<path class=\"elementor-shape-fill\" d=\"M0 0L2600 0 2600 69.1 0 0z\"\/>\n\t<path class=\"elementor-shape-fill\" style=\"opacity:0.5\" d=\"M0 0L2600 0 2600 69.1 0 69.1z\"\/>\n\t<path class=\"elementor-shape-fill\" style=\"opacity:0.25\" d=\"M2600 0L0 0 0 130.1 2600 69.1z\"\/>\n<\/svg>\t\t<\/div>\n\t\t\t\t\t<div class=\"elementor-container elementor-column-gap-no\">\n\t\t\t\t\t\t\t<div class=\"elementor-row\">\n\t\t\t\t\t<div class=\"elementor-column elementor-col-100 elementor-top-column elementor-element elementor-element-60111a90\" data-id=\"60111a90\" data-element_type=\"column\">\n\t\t\t<div class=\"elementor-column-wrap elementor-element-populated\">\n\t\t\t\t\t\t\t<div class=\"elementor-widget-wrap\">\n\t\t\t\t\t\t<div class=\"elementor-element elementor-element-55cd82f elementor-widget elementor-widget-heading\" data-id=\"55cd82f\" data-element_type=\"widget\" data-widget_type=\"heading.default\">\n\t\t\t\t<div class=\"elementor-widget-container\">\n\t\t\t<h4 class=\"elementor-heading-title elementor-size-default\">\u00bfQuieres saber m\u00e1s de este servicio?<\/h4>\t\t<\/div>\n\t\t\t\t<\/div>\n\t\t\t\t<div class=\"elementor-element elementor-element-512e190a elementor-widget elementor-widget-text-editor\" data-id=\"512e190a\" data-element_type=\"widget\" data-widget_type=\"text-editor.default\">\n\t\t\t\t<div class=\"elementor-widget-container\">\n\t\t\t\t\t\t\t\t<div class=\"elementor-text-editor elementor-clearfix\">\n\t\t\t\t<p>\u00a1Hablemos! haciendo clic<\/p>\t\t\t\t\t<\/div>\n\t\t\t\t\t\t<\/div>\n\t\t\t\t<\/div>\n\t\t\t\t<div class=\"elementor-element elementor-element-4d5828a6 elementor-align-center elementor-widget elementor-widget-button\" data-id=\"4d5828a6\" data-element_type=\"widget\" data-widget_type=\"button.default\">\n\t\t\t\t<div class=\"elementor-widget-container\">\n\t\t\t\t\t<div class=\"elementor-button-wrapper\">\n\t\t\t<a href=\"https:\/\/arcasfumigaciones.com\/index.php\/contactanos\/\" class=\"elementor-button-link elementor-button elementor-size-sm elementor-animation-grow\" role=\"button\">\n\t\t\t\t\t\t<span class=\"elementor-button-content-wrapper\">\n\t\t\t\t\t\t<span class=\"elementor-button-text\">Aqu\u00ed<\/span>\n\t\t<\/span>\n\t\t\t\t\t<\/a>\n\t\t<\/div>\n\t\t\t\t<\/div>\n\t\t\t\t<\/div>\n\t\t\t\t<section class=\"elementor-section elementor-inner-section elementor-element elementor-element-b599d3d elementor-section-boxed elementor-section-height-default elementor-section-height-default\" data-id=\"b599d3d\" data-element_type=\"section\">\n\t\t\t\t\t\t<div class=\"elementor-container elementor-column-gap-default\">\n\t\t\t\t\t\t\t<div class=\"elementor-row\">\n\t\t\t\t\t<div class=\"elementor-column elementor-col-100 elementor-inner-column elementor-element elementor-element-d40dc95\" data-id=\"d40dc95\" data-element_type=\"column\">\n\t\t\t<div class=\"elementor-column-wrap elementor-element-populated\">\n\t\t\t\t\t\t\t<div class=\"elementor-widget-wrap\">\n\t\t\t\t\t\t<div class=\"elementor-element elementor-element-1c17f98 elementor-button-success elementor-align-center elementor-widget elementor-widget-button\" data-id=\"1c17f98\" data-element_type=\"widget\" data-widget_type=\"button.default\">\n\t\t\t\t<div class=\"elementor-widget-container\">\n\t\t\t\t\t<div class=\"elementor-button-wrapper\">\n\t\t\t<a href=\"https:\/\/api.whatsapp.com\/send?phone=+573508581944&#038;text=Buenas%20tardes,%20deseo%20cotizar%20sus%20servicios.%20Gracias.\" class=\"elementor-button-link elementor-button elementor-size-sm\" role=\"button\">\n\t\t\t\t\t\t<span class=\"elementor-button-content-wrapper\">\n\t\t\t\t\t\t<span class=\"elementor-button-icon elementor-align-icon-left\">\n\t\t\t\t<i aria-hidden=\"true\" class=\"fab fa-whatsapp\"><\/i>\t\t\t<\/span>\n\t\t\t\t\t\t<span class=\"elementor-button-text\">Hablemos por WhatsApp<\/span>\n\t\t<\/span>\n\t\t\t\t\t<\/a>\n\t\t<\/div>\n\t\t\t\t<\/div>\n\t\t\t\t<\/div>\n\t\t\t\t\t\t<\/div>\n\t\t\t\t\t<\/div>\n\t\t<\/div>\n\t\t\t\t\t\t\t\t<\/div>\n\t\t\t\t\t<\/div>\n\t\t<\/section>\n\t\t\t\t\t\t<\/div>\n\t\t\t\t\t<\/div>\n\t\t<\/div>\n\t\t\t\t\t\t\t\t<\/div>\n\t\t\t\t\t<\/div>\n\t\t<\/section>\n\t\t\t\t\t\t<\/div>\n\t\t\t\t\t\t<\/div>\n\t\t\t\t\t<\/div>\n\t\t","protected":false},"excerpt":{"rendered":"<p>Limpieza y desinfecci\u00f3n de tanques de agua potable y otros. \u00a0Tipos: Agua potable aguas lluvias, red de incendio, etc. \u00a0Seguimos resoluci\u00f3n 2190 de 1991 para Limpieza y desinfecci\u00f3n de tanques cada 6 meses con personal capacitado. Elementos de protecci\u00f3n personal, vaciado del tanque, limpieza de residuos, Pre limpieza del tanque, limpieza y desinfecci\u00f3n de tanques [&hellip;]<\/p>\n","protected":false},"author":1,"featured_media":0,"parent":0,"menu_order":0,"comment_status":"closed","ping_status":"closed","template":"","meta":[],"yoast_head":"<!-- This site is optimized with the Yoast SEO plugin v17.3 - https:\/\/yoast.com\/wordpress\/plugins\/seo\/ -->\n<title>Limpieza de tanques - Arcas fumigaciones<\/title>\n<meta name=\"robots\" content=\"index, follow, max-snippet:-1, max-image-preview:large, max-video-preview:-1\" \/>\n<link rel=\"canonical\" href=\"https:\/\/arcasfumigaciones.com\/index.php\/limpieza-de-tanques\/\" \/>\n<meta property=\"og:locale\" content=\"es_ES\" \/>\n<meta property=\"og:type\" content=\"article\" \/>\n<meta property=\"og:title\" content=\"Limpieza de tanques - Arcas fumigaciones\" \/>\n<meta property=\"og:description\" content=\"Limpieza y desinfecci\u00f3n de tanques de agua potable y otros. \u00a0Tipos: Agua potable aguas lluvias, red de incendio, etc. \u00a0Seguimos resoluci\u00f3n 2190 de 1991 para Limpieza y desinfecci\u00f3n de tanques cada 6 meses con personal capacitado. Elementos de protecci\u00f3n personal, vaciado del tanque, limpieza de residuos, Pre limpieza del tanque, limpieza y desinfecci\u00f3n de tanques [&hellip;]\" \/>\n<meta property=\"og:url\" content=\"https:\/\/arcasfumigaciones.com\/index.php\/limpieza-de-tanques\/\" \/>\n<meta property=\"og:site_name\" content=\"Arcas fumigaciones\" \/>\n<meta property=\"article:modified_time\" content=\"2024-03-26T22:33:30+00:00\" \/>\n<meta property=\"og:image\" content=\"https:\/\/arcasfumigaciones.com\/wp-content\/uploads\/2024\/03\/tanque3.jpeg\" \/>\n<meta name=\"twitter:card\" content=\"summary_large_image\" \/>\n<meta name=\"twitter:label1\" content=\"Tiempo estimado de lectura\" \/>\n\t<meta name=\"twitter:data1\" content=\"2 minutos\" \/>\n<script type=\"application\/ld+json\" class=\"yoast-schema-graph\">{\"@context\":\"https:\/\/schema.org\",\"@graph\":[{\"@type\":\"WebSite\",\"@id\":\"https:\/\/arcasfumigaciones.com\/#website\",\"url\":\"https:\/\/arcasfumigaciones.com\/\",\"name\":\"Arcas fumigaciones\",\"description\":\"\",\"potentialAction\":[{\"@type\":\"SearchAction\",\"target\":{\"@type\":\"EntryPoint\",\"urlTemplate\":\"https:\/\/arcasfumigaciones.com\/?s={search_term_string}\"},\"query-input\":\"required name=search_term_string\"}],\"inLanguage\":\"es-CO\"},{\"@type\":\"ImageObject\",\"@id\":\"https:\/\/arcasfumigaciones.com\/index.php\/limpieza-de-tanques\/#primaryimage\",\"inLanguage\":\"es-CO\",\"url\":\"https:\/\/arcasfumigaciones.com\/wp-content\/uploads\/2024\/03\/tanque3.jpeg\",\"contentUrl\":\"https:\/\/arcasfumigaciones.com\/wp-content\/uploads\/2024\/03\/tanque3.jpeg\",\"width\":780,\"height\":1040},{\"@type\":\"WebPage\",\"@id\":\"https:\/\/arcasfumigaciones.com\/index.php\/limpieza-de-tanques\/#webpage\",\"url\":\"https:\/\/arcasfumigaciones.com\/index.php\/limpieza-de-tanques\/\",\"name\":\"Limpieza de tanques - Arcas fumigaciones\",\"isPartOf\":{\"@id\":\"https:\/\/arcasfumigaciones.com\/#website\"},\"primaryImageOfPage\":{\"@id\":\"https:\/\/arcasfumigaciones.com\/index.php\/limpieza-de-tanques\/#primaryimage\"},\"datePublished\":\"2021-09-28T03:38:22+00:00\",\"dateModified\":\"2024-03-26T22:33:30+00:00\",\"breadcrumb\":{\"@id\":\"https:\/\/arcasfumigaciones.com\/index.php\/limpieza-de-tanques\/#breadcrumb\"},\"inLanguage\":\"es-CO\",\"potentialAction\":[{\"@type\":\"ReadAction\",\"target\":[\"https:\/\/arcasfumigaciones.com\/index.php\/limpieza-de-tanques\/\"]}]},{\"@type\":\"BreadcrumbList\",\"@id\":\"https:\/\/arcasfumigaciones.com\/index.php\/limpieza-de-tanques\/#breadcrumb\",\"itemListElement\":[{\"@type\":\"ListItem\",\"position\":1,\"name\":\"Inicio\",\"item\":\"https:\/\/arcasfumigaciones.com\/\"},{\"@type\":\"ListItem\",\"position\":2,\"name\":\"Limpieza de tanques\"}]}]}<\/script>\n<!-- \/ Yoast SEO plugin. -->","yoast_head_json":{"title":"Limpieza de tanques - Arcas fumigaciones","robots":{"index":"index","follow":"follow","max-snippet":"max-snippet:-1","max-image-preview":"max-image-preview:large","max-video-preview":"max-video-preview:-1"},"canonical":"https:\/\/arcasfumigaciones.com\/index.php\/limpieza-de-tanques\/","og_locale":"es_ES","og_type":"article","og_title":"Limpieza de tanques - Arcas fumigaciones","og_description":"Limpieza y desinfecci\u00f3n de tanques de agua potable y otros. \u00a0Tipos: Agua potable aguas lluvias, red de incendio, etc. \u00a0Seguimos resoluci\u00f3n 2190 de 1991 para Limpieza y desinfecci\u00f3n de tanques cada 6 meses con personal capacitado. Elementos de protecci\u00f3n personal, vaciado del tanque, limpieza de residuos, Pre limpieza del tanque, limpieza y desinfecci\u00f3n de tanques [&hellip;]","og_url":"https:\/\/arcasfumigaciones.com\/index.php\/limpieza-de-tanques\/","og_site_name":"Arcas fumigaciones","article_modified_time":"2024-03-26T22:33:30+00:00","og_image":[{"url":"https:\/\/arcasfumigaciones.com\/wp-content\/uploads\/2024\/03\/tanque3.jpeg"}],"twitter_card":"summary_large_image","twitter_misc":{"Tiempo estimado de lectura":"2 minutos"},"schema":{"@context":"https:\/\/schema.org","@graph":[{"@type":"WebSite","@id":"https:\/\/arcasfumigaciones.com\/#website","url":"https:\/\/arcasfumigaciones.com\/","name":"Arcas fumigaciones","description":"","potentialAction":[{"@type":"SearchAction","target":{"@type":"EntryPoint","urlTemplate":"https:\/\/arcasfumigaciones.com\/?s={search_term_string}"},"query-input":"required name=search_term_string"}],"inLanguage":"es-CO"},{"@type":"ImageObject","@id":"https:\/\/arcasfumigaciones.com\/index.php\/limpieza-de-tanques\/#primaryimage","inLanguage":"es-CO","url":"https:\/\/arcasfumigaciones.com\/wp-content\/uploads\/2024\/03\/tanque3.jpeg","contentUrl":"https:\/\/arcasfumigaciones.com\/wp-content\/uploads\/2024\/03\/tanque3.jpeg","width":780,"height":1040},{"@type":"WebPage","@id":"https:\/\/arcasfumigaciones.com\/index.php\/limpieza-de-tanques\/#webpage","url":"https:\/\/arcasfumigaciones.com\/index.php\/limpieza-de-tanques\/","name":"Limpieza de tanques - Arcas fumigaciones","isPartOf":{"@id":"https:\/\/arcasfumigaciones.com\/#website"},"primaryImageOfPage":{"@id":"https:\/\/arcasfumigaciones.com\/index.php\/limpieza-de-tanques\/#primaryimage"},"datePublished":"2021-09-28T03:38:22+00:00","dateModified":"2024-03-26T22:33:30+00:00","breadcrumb":{"@id":"https:\/\/arcasfumigaciones.com\/index.php\/limpieza-de-tanques\/#breadcrumb"},"inLanguage":"es-CO","potentialAction":[{"@type":"ReadAction","target":["https:\/\/arcasfumigaciones.com\/index.php\/limpieza-de-tanques\/"]}]},{"@type":"BreadcrumbList","@id":"https:\/\/arcasfumigaciones.com\/index.php\/limpieza-de-tanques\/#breadcrumb","itemListElement":[{"@type":"ListItem","position":1,"name":"Inicio","item":"https:\/\/arcasfumigaciones.com\/"},{"@type":"ListItem","position":2,"name":"Limpieza de tanques"}]}]}},"_links":{"self":[{"href":"https:\/\/arcasfumigaciones.com\/index.php\/wp-json\/wp\/v2\/pages\/1148"}],"collection":[{"href":"https:\/\/arcasfumigaciones.com\/index.php\/wp-json\/wp\/v2\/pages"}],"about":[{"href":"https:\/\/arcasfumigaciones.com\/index.php\/wp-json\/wp\/v2\/types\/page"}],"author":[{"embeddable":true,"href":"https:\/\/arcasfumigaciones.com\/index.php\/wp-json\/wp\/v2\/users\/1"}],"replies":[{"embeddable":true,"href":"https:\/\/arcasfumigaciones.com\/index.php\/wp-json\/wp\/v2\/comments?post=1148"}],"version-history":[{"count":25,"href":"https:\/\/arcasfumigaciones.com\/index.php\/wp-json\/wp\/v2\/pages\/1148\/revisions"}],"predecessor-version":[{"id":1573,"href":"https:\/\/arcasfumigaciones.com\/index.php\/wp-json\/wp\/v2\/pages\/1148\/revisions\/1573"}],"wp:attachment":[{"href":"https:\/\/arcasfumigaciones.com\/index.php\/wp-json\/wp\/v2\/media?parent=1148"}],"curies":[{"name":"wp","href":"https:\/\/api.w.org\/{rel}","templated":true}]}}